{"id":46,"date":"2021-02-16T23:01:09","date_gmt":"2021-02-17T02:01:09","guid":{"rendered":"http:\/\/sa10m.com.ar\/wp\/?page_id=46"},"modified":"2026-03-04T17:22:43","modified_gmt":"2026-03-04T20:22:43","slug":"home","status":"publish","type":"page","link":"https:\/\/sa10m.com.ar\/wp\/","title":{"rendered":"HOME"},"content":{"rendered":"\n<div style=\"height:50px\" aria-hidden=\"true\" class=\"wp-block-spacer\"><\/div>\n\n\n\n<iframe\n  id=\"iframe_qso\"\n  src=\"https:\/\/sa10m.com.ar\/cuenta_2026.html\"\n  style=\"width:100%; border:0; overflow:hidden;\"\n  scrolling=\"no\">\n<\/iframe>\n\n<script>\nwindow.addEventListener(\"message\", function(e) {\n  if (e.data.alturaIframe) {\n    document.getElementById(\"iframe_qso\").style.height =\n      e.data.alturaIframe + \"px\";\n  }\n});\n<\/script>\n\n\n<div id=\"pl-gb46-69d55eb0716c8\"  class=\"panel-layout\" ><div id=\"pg-gb46-69d55eb0716c8-0\"  class=\"panel-grid panel-no-style\" ><div id=\"pgc-gb46-69d55eb0716c8-0-0\"  class=\"panel-grid-cell\" ><div id=\"panel-gb46-69d55eb0716c8-0-0-0\" class=\"so-panel widget widget_sow-button panel-first-child panel-last-child\" data-index=\"0\" ><div\n\t\t\t\n\t\t\tclass=\"so-widget-sow-button so-widget-sow-button-flat-159f94d49848-46\"\n\t\t\t\n\t\t><div class=\"ow-button-base ow-button-align-left\"\n>\n\t\t\t<a\n\t\t\t\tclass=\"sowb-button ow-icon-placement-top\" \t>\n\t\t<span>\n\t\t\t<span class=\"sow-icon-elegantline\" data-sow-icon=\"&#xe023;\"\n\t\tstyle=\"color: #ffffff\" \n\t\taria-hidden=\"true\"><\/span>\n\t\t\tRESULTADOS FINALES 2026\t\t<\/span>\n\t\t\t<\/a>\n\t<\/div>\n<\/div><\/div><\/div><div id=\"pgc-gb46-69d55eb0716c8-0-1\"  class=\"panel-grid-cell\" ><div id=\"panel-gb46-69d55eb0716c8-0-1-0\" class=\"so-panel widget widget_sow-button panel-first-child panel-last-child\" data-index=\"1\" ><div\n\t\t\t\n\t\t\tclass=\"so-widget-sow-button so-widget-sow-button-flat-159f94d49848-46\"\n\t\t\t\n\t\t><div class=\"ow-button-base ow-button-align-left\"\n>\n\t\t\t<a\n\t\t\t\tclass=\"sowb-button ow-icon-placement-top\" \t>\n\t\t<span>\n\t\t\t<span class=\"sow-icon-elegantline\" data-sow-icon=\"&#xe023;\"\n\t\tstyle=\"color: #ffffff\" \n\t\taria-hidden=\"true\"><\/span>\n\t\t\tFINAL RESULTS 2026\t\t<\/span>\n\t\t\t<\/a>\n\t<\/div>\n<\/div><\/div><\/div><\/div><\/div>\n\n\n<div style=\"height:50px\" aria-hidden=\"true\" class=\"wp-block-spacer\"><\/div>\n\n\n<div\n\t\t\t\n\t\t\tclass=\"so-widget-sow-image-grid so-widget-sow-image-grid-default-e696493f1564\"\n\t\t\t\n\t\t>\t<div\n\t\tclass=\"sow-image-grid-wrapper\"\n\t\tdata-max-width=\"80\"\t\tdata-max-height=\"80\"\t>\n\t\t\t\t\t<div class=\"sow-image-grid-image\">\n\t\t\t\t\t\t\t\t\t\t\t\t\t<a href=\"https:\/\/sa10m.com.ar\/wp\/en-home\/\"\n\t\t\t\t\t>\n\t\t\t\t\t\t\t\t<img loading=\"lazy\" decoding=\"async\" width=\"400\" height=\"267\" src=\"https:\/\/sa10m.com.ar\/wp\/wp-content\/uploads\/2021\/02\/bandera_inglaterra.jpg\" class=\"sow-image-grid-image_html\" alt=\"ENGLISH&quot;\" title=\"ENGLISH\" srcset=\"https:\/\/sa10m.com.ar\/wp\/wp-content\/uploads\/2021\/02\/bandera_inglaterra.jpg 400w, https:\/\/sa10m.com.ar\/wp\/wp-content\/uploads\/2021\/02\/bandera_inglaterra-300x200.jpg 300w, https:\/\/sa10m.com.ar\/wp\/wp-content\/uploads\/2021\/02\/bandera_inglaterra-272x182.jpg 272w\" sizes=\"auto, (max-width: 400px) 100vw, 400px\" \/>\t\t\t\t\t\t\t\t\t<\/a>\n\t\t\t\t\t\t\t\t\t\t\t<\/div>\n\t\t\t\t\t<div class=\"sow-image-grid-image\">\n\t\t\t\t\t\t\t\t\t\t\t\t<img loading=\"lazy\" decoding=\"async\" width=\"400\" height=\"267\" src=\"https:\/\/sa10m.com.ar\/wp\/wp-content\/uploads\/2021\/02\/bandera_espana.jpg\" class=\"sow-image-grid-image_html\" alt=\"ESPA\u00d1OL&quot;\" title=\"ESPA\u00d1OL\" srcset=\"https:\/\/sa10m.com.ar\/wp\/wp-content\/uploads\/2021\/02\/bandera_espana.jpg 400w, https:\/\/sa10m.com.ar\/wp\/wp-content\/uploads\/2021\/02\/bandera_espana-300x200.jpg 300w, https:\/\/sa10m.com.ar\/wp\/wp-content\/uploads\/2021\/02\/bandera_espana-272x182.jpg 272w\" sizes=\"auto, (max-width: 400px) 100vw, 400px\" \/>\t\t\t\t\t\t\t\t\t\t\t<\/div>\n\t\t\t<\/div>\n<\/div>\n\n\n<hr class=\"wp-block-separator has-css-opacity is-style-wide\"\/>\n\n\n<div id=\"pl-gb46-69d55eb074918\"  class=\"panel-layout wp-block-siteorigin-panels-layout-block\" ><div id=\"pg-gb46-69d55eb074918-0\"  class=\"panel-grid panel-no-style\" ><div id=\"pgc-gb46-69d55eb074918-0-0\"  class=\"panel-grid-cell\" ><div id=\"panel-gb46-69d55eb074918-0-0-0\" class=\"so-panel widget widget_sow-headline panel-first-child\" data-index=\"0\" ><div\n\t\t\t\n\t\t\tclass=\"so-widget-sow-headline so-widget-sow-headline-default-ba8b1c4db38b-46\"\n\t\t\t\n\t\t><div class=\"sow-headline-container \">\n\t\t\t\t\t\t\t<h3 class=\"sow-headline\">\n\t\t\t\t\t\tINFORMACI\u00d3N\t\t\t\t\t\t<\/h3>\n\t\t\t\t\t\t\t\t\t\t\t<div class=\"decoration\">\n\t\t\t\t\t\t<div class=\"decoration-inside\"><\/div>\n\t\t\t\t\t<\/div>\n\t\t\t\t\t<\/div>\n<\/div><\/div><div id=\"panel-gb46-69d55eb074918-0-0-1\" class=\"so-panel widget widget_sow-editor\" data-index=\"1\" ><div class=\"panel-widget-style panel-widget-style-for-gb46-69d55eb074918-0-0-1\" ><div\n\t\t\t\n\t\t\tclass=\"so-widget-sow-editor so-widget-sow-editor-base\"\n\t\t\t\n\t\t>\n<div class=\"siteorigin-widget-tinymce textwidget\">\n\t<p><strong>SA 10 Meter South America<\/strong> es la competencia que estimula a los radioaficionados del mundo a orientar sus antenas hacia Sudam\u00e9rica.<br \/>\nCon esa visi\u00f3n trabaja el equipo organizador.<br \/>\nLa misi\u00f3n es lograr un evento divertido, justo y que permita mejorar, a\u00f1o tras a\u00f1o, la habilidad operativa de los participantes.<br \/>\nDeseamos sea de su agrado y que las condiciones de propagaci\u00f3n en los 28 Mhz, sumado al entusiasmo de los concursantes, colaboren a lograr nuestras metas.<br \/>\nLos esperamos!<\/p>\n<\/div>\n<\/div><\/div><\/div><div id=\"panel-gb46-69d55eb074918-0-0-2\" class=\"so-panel widget widget_sow-headline\" data-index=\"2\" ><div\n\t\t\t\n\t\t\tclass=\"so-widget-sow-headline so-widget-sow-headline-default-ba8b1c4db38b-46\"\n\t\t\t\n\t\t><div class=\"sow-headline-container \">\n\t\t\t\t\t\t\t<h3 class=\"sow-headline\">\n\t\t\t\t\t\tCOMIT\u00c9 ORGANIZADOR\t\t\t\t\t\t<\/h3>\n\t\t\t\t\t\t\t\t\t\t\t<div class=\"decoration\">\n\t\t\t\t\t\t<div class=\"decoration-inside\"><\/div>\n\t\t\t\t\t<\/div>\n\t\t\t\t\t<\/div>\n<\/div><\/div><div id=\"panel-gb46-69d55eb074918-0-0-3\" class=\"so-panel widget widget_sow-editor panel-last-child\" data-index=\"3\" ><div class=\"panel-widget-style panel-widget-style-for-gb46-69d55eb074918-0-0-3\" ><div\n\t\t\t\n\t\t\tclass=\"so-widget-sow-editor so-widget-sow-editor-base\"\n\t\t\t\n\t\t>\n<div class=\"siteorigin-widget-tinymce textwidget\">\n\t<p><strong>Julio Alvarez Granata (<a class=\"nonblock\" href=\"http:\/\/qrz.com\/db\/lu5mt\" target=\"_blank\" rel=\"noopener\">LU5MT<\/a>), Claudio Fernandez (<a class=\"nonblock\" href=\"http:\/\/qrz.com\/db\/lu7dw\" target=\"_blank\" rel=\"noopener\">LU7DW<\/a>), Daniel Piergiacomi (<a class=\"nonblock\" href=\"http:\/\/qrz.com\/db\/lu4eg\" target=\"_blank\" rel=\"noopener\">LU4EG<\/a>),\u00a0Daniel Prieto (<a class=\"nonblock\" href=\"http:\/\/qrz.com\/db\/lu9dpd\" target=\"_blank\" rel=\"noopener\">LU9DPD<\/a>), Gonzalo Diego Rey (<a class=\"nonblock\" href=\"http:\/\/qrz.com\/db\/lw6dw\" target=\"_blank\" rel=\"noopener\">LW6DW<\/a>), Gustavo Taboada (<a class=\"nonblock\" href=\"http:\/\/qrz.com\/db\/lu7hw\" target=\"_blank\" rel=\"noopener\">LU7HW<\/a>)<\/strong><\/p>\n<\/div>\n<\/div><\/div><\/div><\/div><\/div><\/div>\n\n\n<div style=\"height:20px\" aria-hidden=\"true\" class=\"wp-block-spacer\"><\/div>\n\n\n\n<hr class=\"wp-block-separator has-text-color has-vivid-cyan-blue-color has-css-opacity has-vivid-cyan-blue-background-color has-background is-style-wide\"\/>\n\n\n<div\n\t\t\t\n\t\t\tclass=\"so-widget-sow-image-grid so-widget-sow-image-grid-default-8bf08a9600e8\"\n\t\t\t\n\t\t>\t<div\n\t\tclass=\"sow-image-grid-wrapper\"\n\t\tdata-max-width=\"90\"\t\tdata-max-height=\"90\"\t>\n\t\t\t\t\t<div class=\"sow-image-grid-image\">\n\t\t\t\t\t\t\t\t\t\t\t\t\t<a href=\"https:\/\/es.599dxgroup.com.br\/\"\n\t\t\t\t\t\t\t\t\t\t\t\t\t\t\t\t\t\ttarget=\"_blank\" \t\t\t\t\t\t\t\t\t\t\t\t\t\t\t\t\t\t\t\t\t\t\t\trel=\"noopener noreferrer\" \t\t\t\t\t\t\t\t\t\t\t>\n\t\t\t\t\t\t\t\t<img title=\"599 DX Group\" alt=\"\" class=\"sow-image-grid-image_html\" src=\"https:\/\/logdeargentina.com.ar\/escudos\/logo_599.png\" decoding=\"async\" >\t\t\t\t\t\t\t\t\t<\/a>\n\t\t\t\t\t\t\t\t\t\t\t<\/div>\n\t\t\t\t\t<div class=\"sow-image-grid-image\">\n\t\t\t\t\t\t\t\t\t\t\t\t\t<a href=\"https:\/\/www.facebook.com\/cabreuvadx\/\"\n\t\t\t\t\t\t\t\t\t\t\t\t\t\t\t\t\t\ttarget=\"_blank\" \t\t\t\t\t\t\t\t\t\t\t\t\t\t\t\t\t\t\t\t\t\t\t\trel=\"noopener noreferrer\" \t\t\t\t\t\t\t\t\t\t\t>\n\t\t\t\t\t\t\t\t<img title=\"CABREUVADX\" alt=\"\" class=\"sow-image-grid-image_html\" src=\"https:\/\/logdeargentina.com.ar\/escudos\/logo_CabreuvaDX.png\" decoding=\"async\" >\t\t\t\t\t\t\t\t\t<\/a>\n\t\t\t\t\t\t\t\t\t\t\t<\/div>\n\t\t\t\t\t<div class=\"sow-image-grid-image\">\n\t\t\t\t\t\t\t\t\t\t\t\t\t<a href=\"http:\/\/grupocdr.com.br\/\"\n\t\t\t\t\t\t\t\t\t\t\t\t\t\t\t\t\t\ttarget=\"_blank\" \t\t\t\t\t\t\t\t\t\t\t\t\t\t\t\t\t\t\t\t\t\t\t\trel=\"noopener noreferrer\" \t\t\t\t\t\t\t\t\t\t\t>\n\t\t\t\t\t\t\t\t<img title=\"CDR Group\" alt=\"\" class=\"sow-image-grid-image_html\" src=\"https:\/\/logdeargentina.com.ar\/escudos\/logo_cdrgroup.png\" decoding=\"async\" >\t\t\t\t\t\t\t\t\t<\/a>\n\t\t\t\t\t\t\t\t\t\t\t<\/div>\n\t\t\t\t\t<div class=\"sow-image-grid-image\">\n\t\t\t\t\t\t\t\t\t\t\t\t\t<a href=\"https:\/\/cwjf.com.br\/site\/\"\n\t\t\t\t\t\t\t\t\t\t\t\t\t\t\t\t\t\ttarget=\"_blank\" \t\t\t\t\t\t\t\t\t\t\t\t\t\t\t\t\t\t\t\t\t\t\t\trel=\"noopener noreferrer\" \t\t\t\t\t\t\t\t\t\t\t>\n\t\t\t\t\t\t\t\t<img width=\"1280\" height=\"1279\" src=\"https:\/\/sa10m.com.ar\/wp\/wp-content\/uploads\/2026\/02\/logo-cwjf-bandeiras.png\" class=\"sow-image-grid-image_html\" alt=\"CWJF GROUP&quot;\" title=\"CWJF GROUP\" decoding=\"async\" loading=\"lazy\" srcset=\"https:\/\/sa10m.com.ar\/wp\/wp-content\/uploads\/2026\/02\/logo-cwjf-bandeiras.png 1280w, https:\/\/sa10m.com.ar\/wp\/wp-content\/uploads\/2026\/02\/logo-cwjf-bandeiras-300x300.png 300w, https:\/\/sa10m.com.ar\/wp\/wp-content\/uploads\/2026\/02\/logo-cwjf-bandeiras-1024x1024.png 1024w, https:\/\/sa10m.com.ar\/wp\/wp-content\/uploads\/2026\/02\/logo-cwjf-bandeiras-150x150.png 150w, https:\/\/sa10m.com.ar\/wp\/wp-content\/uploads\/2026\/02\/logo-cwjf-bandeiras-768x767.png 768w\" sizes=\"auto, (max-width: 1280px) 100vw, 1280px\" \/>\t\t\t\t\t\t\t\t\t<\/a>\n\t\t\t\t\t\t\t\t\t\t\t<\/div>\n\t\t\t\t\t<div class=\"sow-image-grid-image\">\n\t\t\t\t\t\t\t\t\t\t\t\t\t<a href=\"http:\/\/www.dxcoffee.com\/eng\/category\/contesting\/\"\n\t\t\t\t\t\t\t\t\t\t\t\t\t\t\t\t\t\ttarget=\"_blank\" \t\t\t\t\t\t\t\t\t\t\t\t\t\t\t\t\t\t\t\t\t\t\t\trel=\"noopener noreferrer\" \t\t\t\t\t\t\t\t\t\t\t>\n\t\t\t\t\t\t\t\t<img title=\"DxCoffee\" alt=\"\" class=\"sow-image-grid-image_html\" src=\"https:\/\/logdeargentina.com.ar\/escudos\/logo_dxcoffee.png\" decoding=\"async\" >\t\t\t\t\t\t\t\t\t<\/a>\n\t\t\t\t\t\t\t\t\t\t\t<\/div>\n\t\t\t\t\t<div class=\"sow-image-grid-image\">\n\t\t\t\t\t\t\t\t\t\t\t\t\t<a href=\"http:\/\/www.falconsdx.com\/\"\n\t\t\t\t\t\t\t\t\t\t\t\t\t\t\t\t\t\ttarget=\"_blank\" \t\t\t\t\t\t\t\t\t\t\t\t\t\t\t\t\t\t\t\t\t\t\t\trel=\"noopener noreferrer\" \t\t\t\t\t\t\t\t\t\t\t>\n\t\t\t\t\t\t\t\t<img title=\"Falcons DX Group\" alt=\"\" class=\"sow-image-grid-image_html\" src=\"https:\/\/logdeargentina.com.ar\/escudos\/logo_falcons.png\" decoding=\"async\" >\t\t\t\t\t\t\t\t\t<\/a>\n\t\t\t\t\t\t\t\t\t\t\t<\/div>\n\t\t\t\t\t<div class=\"sow-image-grid-image\">\n\t\t\t\t\t\t\t\t\t\t\t\t\t<a href=\"https:\/\/dxnews.com\/forum\/forum\/contesting\/17218-zv4sl-serra-do-lopo-dx-team-brazil\"\n\t\t\t\t\t\t\t\t\t\t\t\t\t\t\t\t\t\ttarget=\"_blank\" \t\t\t\t\t\t\t\t\t\t\t\t\t\t\t\t\t\t\t\t\t\t\t\trel=\"noopener noreferrer\" \t\t\t\t\t\t\t\t\t\t\t>\n\t\t\t\t\t\t\t\t<img title=\"Serra Do Lopo DX Group\" alt=\"Serra Do Lopo DX Group&quot;\" class=\"sow-image-grid-image_html\" src=\"https:\/\/logdeargentina.com.ar\/escudos\/logo_zv4sl_brazil.png\" decoding=\"async\" >\t\t\t\t\t\t\t\t\t<\/a>\n\t\t\t\t\t\t\t\t\t\t\t<\/div>\n\t\t\t\t\t<div class=\"sow-image-grid-image\">\n\t\t\t\t\t\t\t\t\t\t\t\t\t<a href=\"http:\/\/dx-pedition.blogspot.com\/\"\n\t\t\t\t\t\t\t\t\t\t\t\t\t\t\t\t\t\ttarget=\"_blank\" \t\t\t\t\t\t\t\t\t\t\t\t\t\t\t\t\t\t\t\t\t\t\t\trel=\"noopener noreferrer\" \t\t\t\t\t\t\t\t\t\t\t>\n\t\t\t\t\t\t\t\t<img title=\"Serra Do Lopo DX Group\" alt=\"DX-PEDITION&quot;\" class=\"sow-image-grid-image_html\" src=\"https:\/\/logdeargentina.com.ar\/escudos\/dx-pedition_py1pdf.png\" decoding=\"async\" >\t\t\t\t\t\t\t\t\t<\/a>\n\t\t\t\t\t\t\t\t\t\t\t<\/div>\n\t\t\t\t\t<div class=\"sow-image-grid-image\">\n\t\t\t\t\t\t\t\t\t\t\t\t\t<a href=\"https:\/\/www.labre.org.br\/\"\n\t\t\t\t\t\t\t\t\t\t\t\t\t\t\t\t\t\ttarget=\"_blank\" \t\t\t\t\t\t\t\t\t\t\t\t\t\t\t\t\t\t\t\t\t\t\t\trel=\"noopener noreferrer\" \t\t\t\t\t\t\t\t\t\t\t>\n\t\t\t\t\t\t\t\t<img title=\"labre\" alt=\"\" class=\"sow-image-grid-image_html\" src=\"https:\/\/sa10m.com.ar\/wp\/wp-content\/uploads\/2026\/03\/LOGO-LABRE-RO-ALTA-QUALIDADE-scaled.png\" decoding=\"async\" >\t\t\t\t\t\t\t\t\t<\/a>\n\t\t\t\t\t\t\t\t\t\t\t<\/div>\n\t\t\t<\/div>\n<\/div>\t\t\t\t<style type=\"text\/css\">.so-widget-sow-image-grid-default-8bf08a9600e8 .sow-image-grid-wrapper {\n  align-items: flex-start;\n  display: flex;\n  flex-wrap: wrap;\n  justify-content: center;\n  line-height: 0;\n  text-align: center;\n}\n.so-widget-sow-image-grid-default-8bf08a9600e8 .sow-image-grid-wrapper .sow-image-grid-image {\n  display: inline-block;\n  padding: 5px 5px 5px 5px;\n}\n.so-widget-sow-image-grid-default-8bf08a9600e8 .sow-image-grid-wrapper .sow-image-grid-image a {\n  display: block;\n}\n.so-widget-sow-image-grid-default-8bf08a9600e8 .sow-image-grid-wrapper .sow-image-grid-image img {\n  height: auto;\n  max-width: 100%;\n  opacity: 0;\n}\n.so-widget-sow-image-grid-default-8bf08a9600e8 .sow-image-grid-wrapper .sow-image-grid-image .image-title {\n  \n  \n  \n  \n  \n  line-height: 1.25;\n  \n  \n}<\/style>\n\t\t\t\t\n\n\n<p><\/p>\n","protected":false},"excerpt":{"rendered":"","protected":false},"author":3,"featured_media":0,"parent":0,"menu_order":0,"comment_status":"closed","ping_status":"closed","template":"","meta":{"footnotes":""},"class_list":["post-46","page","type-page","status-publish","hentry"],"_links":{"self":[{"href":"https:\/\/sa10m.com.ar\/wp\/wp-json\/wp\/v2\/pages\/46","targetHints":{"allow":["GET"]}}],"collection":[{"href":"https:\/\/sa10m.com.ar\/wp\/wp-json\/wp\/v2\/pages"}],"about":[{"href":"https:\/\/sa10m.com.ar\/wp\/wp-json\/wp\/v2\/types\/page"}],"author":[{"embeddable":true,"href":"https:\/\/sa10m.com.ar\/wp\/wp-json\/wp\/v2\/users\/3"}],"replies":[{"embeddable":true,"href":"https:\/\/sa10m.com.ar\/wp\/wp-json\/wp\/v2\/comments?post=46"}],"version-history":[{"count":94,"href":"https:\/\/sa10m.com.ar\/wp\/wp-json\/wp\/v2\/pages\/46\/revisions"}],"predecessor-version":[{"id":1435,"href":"https:\/\/sa10m.com.ar\/wp\/wp-json\/wp\/v2\/pages\/46\/revisions\/1435"}],"wp:attachment":[{"href":"https:\/\/sa10m.com.ar\/wp\/wp-json\/wp\/v2\/media?parent=46"}],"curies":[{"name":"wp","href":"https:\/\/api.w.org\/{rel}","templated":true}]}}